{"id":651,"date":"2026-03-23T01:13:50","date_gmt":"2026-03-23T01:13:50","guid":{"rendered":"https:\/\/yunvi.chat\/blog\/?page_id=651"},"modified":"2026-03-23T01:13:50","modified_gmt":"2026-03-23T01:13:50","slug":"cocuklarin-cinsel-istismari-ve-istismarina-csae-karsi-standartlarimiz","status":"publish","type":"page","link":"https:\/\/yunvi.chat\/blog\/cocuklarin-cinsel-istismari-ve-istismarina-csae-karsi-standartlarimiz\/","title":{"rendered":"\u00c7ocuklar\u0131n Cinsel \u0130stismar\u0131 ve \u0130stismar\u0131na (CSAE) Kar\u015f\u0131 Standartlar\u0131m\u0131z"},"content":{"rendered":"<p data-start=\"186\" data-end=\"439\">Uygulamam\u0131z, \u00e7ocuklar\u0131n cinsel istismar\u0131 ve her t\u00fcrl\u00fc \u00e7ocuk istismar\u0131na kar\u015f\u0131 s\u0131f\u0131r tolerans politikas\u0131 benimsemektedir. Bu kapsamda, uluslararas\u0131 d\u00fczeyde kabul g\u00f6rm\u00fc\u015f \u00e7ocuk koruma standartlar\u0131 ve yasal d\u00fczenlemelere tam uyum sa\u011flamay\u0131 taahh\u00fct ederiz.<\/p>\n<p data-start=\"441\" data-end=\"725\">Platformumuzda, \u00e7ocuklar\u0131n cinsel istismar\u0131n\u0131 te\u015fvik eden, destekleyen veya bu t\u00fcr i\u00e7erikleri bar\u0131nd\u0131ran hi\u00e7bir faaliyete izin verilmez. T\u00fcm kullan\u0131c\u0131lar\u0131m\u0131z, hizmetlerimizi kullan\u0131rken y\u00fcr\u00fcrl\u00fckteki yerel ve uluslararas\u0131 yasalar ile a\u015fa\u011f\u0131da belirtilen standartlara uymakla y\u00fck\u00fcml\u00fcd\u00fcr:<\/p>\n<ul data-start=\"727\" data-end=\"1024\">\n<li data-section-id=\"lbmgkz\" data-start=\"727\" data-end=\"788\">Birle\u015fmi\u015f Milletler \u00c7ocuk Haklar\u0131na Dair S\u00f6zle\u015fme (UNCRC)<\/li>\n<li data-section-id=\"18jj3fj\" data-start=\"789\" data-end=\"854\">ABD\u2019de y\u00fcr\u00fcrl\u00fckte olan \u00e7ocuk koruma yasalar\u0131 ve d\u00fczenlemeleri<\/li>\n<li data-section-id=\"1va0akx\" data-start=\"855\" data-end=\"949\">Avrupa Birli\u011fi\u2019nin \u00e7ocuklar\u0131n korunmas\u0131na y\u00f6nelik dijital hizmet ve g\u00fcvenlik d\u00fczenlemeleri<\/li>\n<li data-section-id=\"ekq3kt\" data-start=\"950\" data-end=\"1024\">T\u00fcrkiye Cumhuriyeti\u2019nin \u00e7ocuklar\u0131n korunmas\u0131na ili\u015fkin ilgili mevzuat\u0131<\/li>\n<\/ul>\n<p data-start=\"1026\" data-end=\"1240\">\u00c7ocuklar\u0131n cinsel istismar\u0131yla ilgili i\u00e7erik veya davran\u0131\u015flar tespit edildi\u011finde, ilgili hesaplar derhal ask\u0131ya al\u0131n\u0131r veya kal\u0131c\u0131 olarak kapat\u0131l\u0131r ve gerekli durumlarda yetkili adli makamlara bildirimde bulunulur.<\/p>\n<p data-start=\"1242\" data-end=\"1438\">Kullan\u0131c\u0131lar, \u015f\u00fcpheli i\u00e7erik veya davran\u0131\u015flar\u0131 uygulama i\u00e7i bildirim mekanizmalar\u0131 arac\u0131l\u0131\u011f\u0131yla bize iletebilirler. T\u00fcm bildirimler titizlikle incelenir ve gerekli aksiyonlar gecikmeksizin al\u0131n\u0131r.<\/p>\n<p data-start=\"1440\" data-end=\"1551\">Daha fazla bilgi i\u00e7in a\u015fa\u011f\u0131daki uluslararas\u0131 kurulu\u015flar\u0131n yay\u0131nlad\u0131\u011f\u0131 standart ve kaynaklara ba\u015fvurabilirsiniz:<\/p>\n<ul data-start=\"1553\" data-end=\"1661\">\n<li data-section-id=\"1bv63w3\" data-start=\"1553\" data-end=\"1603\"><a class=\"decorated-link\" href=\"https:\/\/www.unicef.org\/child-rights-convention\" target=\"_new\" rel=\"noopener\" data-start=\"1555\" data-end=\"1601\">https:\/\/www.unicef.org\/child-rights-convention<\/a><\/li>\n<li data-section-id=\"uggmad\" data-start=\"1604\" data-end=\"1629\"><a class=\"decorated-link\" href=\"https:\/\/www.icmec.org\" target=\"_new\" rel=\"noopener\" data-start=\"1606\" data-end=\"1627\">https:\/\/www.icmec.org<\/a><\/li>\n<li data-section-id=\"3f00it\" data-start=\"1630\" data-end=\"1661\"><a class=\"decorated-link\" href=\"https:\/\/www.missingkids.org\" target=\"_new\" rel=\"noopener\" data-start=\"1632\" data-end=\"1659\">https:\/\/www.missingkids.org<\/a><\/li>\n<\/ul>\n","protected":false},"excerpt":{"rendered":"<p>Uygulamam\u0131z, \u00e7ocuklar\u0131n cinsel istismar\u0131 ve her t\u00fcrl\u00fc \u00e7ocuk istismar\u0131na kar\u015f\u0131 s\u0131f\u0131r tolerans politikas\u0131 benimsemektedir. Bu kapsamda, uluslararas\u0131 d\u00fczeyde kabul g\u00f6rm\u00fc\u015f \u00e7ocuk koruma standartlar\u0131 ve yasal d\u00fczenlemelere tam uyum sa\u011flamay\u0131 taahh\u00fct ederiz. Platformumuzda, \u00e7ocuklar\u0131n cinsel istismar\u0131n\u0131 te\u015fvik eden, destekleyen veya bu t\u00fcr i\u00e7erikleri bar\u0131nd\u0131ran hi\u00e7bir faaliyete izin verilmez. T\u00fcm kullan\u0131c\u0131lar\u0131m\u0131z, hizmetlerimizi kullan\u0131rken y\u00fcr\u00fcrl\u00fckteki yerel ve uluslararas\u0131 &hellip; <\/p>\n","protected":false},"author":1,"featured_media":0,"parent":0,"menu_order":0,"comment_status":"closed","ping_status":"closed","template":"","meta":{"footnotes":""},"class_list":["post-651","page","type-page","status-publish","hentry"],"_links":{"self":[{"href":"https:\/\/yunvi.chat\/blog\/wp-json\/wp\/v2\/pages\/651","targetHints":{"allow":["GET"]}}],"collection":[{"href":"https:\/\/yunvi.chat\/blog\/wp-json\/wp\/v2\/pages"}],"about":[{"href":"https:\/\/yunvi.chat\/blog\/wp-json\/wp\/v2\/types\/page"}],"author":[{"embeddable":true,"href":"https:\/\/yunvi.chat\/blog\/wp-json\/wp\/v2\/users\/1"}],"replies":[{"embeddable":true,"href":"https:\/\/yunvi.chat\/blog\/wp-json\/wp\/v2\/comments?post=651"}],"version-history":[{"count":1,"href":"https:\/\/yunvi.chat\/blog\/wp-json\/wp\/v2\/pages\/651\/revisions"}],"predecessor-version":[{"id":652,"href":"https:\/\/yunvi.chat\/blog\/wp-json\/wp\/v2\/pages\/651\/revisions\/652"}],"wp:attachment":[{"href":"https:\/\/yunvi.chat\/blog\/wp-json\/wp\/v2\/media?parent=651"}],"curies":[{"name":"wp","href":"https:\/\/api.w.org\/{rel}","templated":true}]}}