{"id":563,"date":"2026-01-29T14:40:40","date_gmt":"2026-01-29T14:40:40","guid":{"rendered":"https:\/\/yunvi.chat\/blog\/?page_id=563"},"modified":"2026-01-29T14:40:40","modified_gmt":"2026-01-29T14:40:40","slug":"kvkk-aydinlatma-metni","status":"publish","type":"page","link":"https:\/\/yunvi.chat\/blog\/kvkk-aydinlatma-metni\/","title":{"rendered":"KVKK AYDINLATMA METN\u0130"},"content":{"rendered":"<p>\u0130\u015fbu Ayd\u0131nlatma Metni, 6698 say\u0131l\u0131 Ki\u015fisel Verilerin Korunmas\u0131 Kanunu (\u201cKVKK\u201d) uyar\u0131nca veri sorumlusu s\u0131fat\u0131yla <strong>Yunvi Talk<\/strong> taraf\u0131ndan haz\u0131rlanm\u0131\u015ft\u0131r.<\/p>\n<h2>Veri Sorumlusu<\/h2>\n<p>Yunvi Talk<br \/>\nAdres: St James Tower, 7 Charlotte St, Manchester M1 4DZ, United Kingdom<br \/>\nE-posta: <a>admin@yunvi.chat<\/a><\/p>\n<h2>Ki\u015fisel Verilerin \u0130\u015flenme Ama\u00e7lar\u0131<\/h2>\n<p>Ki\u015fisel verileriniz;<\/p>\n<ul data-spread=\"false\">\n<li>Hizmetlerin sunulmas\u0131 ve y\u00f6netilmesi<\/li>\n<li>Hukuki y\u00fck\u00fcml\u00fcl\u00fcklerin yerine getirilmesi<\/li>\n<li>Bilgi g\u00fcvenli\u011fi s\u00fcre\u00e7lerinin y\u00fcr\u00fct\u00fclmesi<\/li>\n<li>Talep ve \u015fik\u00e2yetlerin de\u011ferlendirilmesi ama\u00e7lar\u0131yla i\u015flenmektedir.<\/li>\n<\/ul>\n<h2>Ki\u015fisel Verilerin Aktar\u0131lmas\u0131<\/h2>\n<p>Ki\u015fisel verileriniz, kanuni zorunluluklar haricinde \u00fc\u00e7\u00fcnc\u00fc ki\u015filerle payla\u015f\u0131lmamaktad\u0131r.<\/p>\n<h2>KVKK Kapsam\u0131ndaki Haklar\u0131n\u0131z<\/h2>\n<p>KVKK\u2019n\u0131n 11. maddesi kapsam\u0131nda;<\/p>\n<ul data-spread=\"false\">\n<li>Ki\u015fisel verilerinizin i\u015flenip i\u015flenmedi\u011fini \u00f6\u011frenme<\/li>\n<li>\u0130\u015flenmi\u015fse buna ili\u015fkin bilgi talep etme<\/li>\n<li>D\u00fczeltilmesini veya silinmesini isteme<\/li>\n<li>\u0130\u015flenmesine itiraz etme haklar\u0131na sahipsiniz.<\/li>\n<\/ul>\n","protected":false},"excerpt":{"rendered":"<p>\u0130\u015fbu Ayd\u0131nlatma Metni, 6698 say\u0131l\u0131 Ki\u015fisel Verilerin Korunmas\u0131 Kanunu (\u201cKVKK\u201d) uyar\u0131nca veri sorumlusu s\u0131fat\u0131yla Yunvi Talk taraf\u0131ndan haz\u0131rlanm\u0131\u015ft\u0131r. Veri Sorumlusu Yunvi Talk Adres: St James Tower, 7 Charlotte St, Manchester M1 4DZ, United Kingdom E-posta: admin@yunvi.chat Ki\u015fisel Verilerin \u0130\u015flenme Ama\u00e7lar\u0131 Ki\u015fisel verileriniz; Hizmetlerin sunulmas\u0131 ve y\u00f6netilmesi Hukuki y\u00fck\u00fcml\u00fcl\u00fcklerin yerine getirilmesi Bilgi g\u00fcvenli\u011fi s\u00fcre\u00e7lerinin y\u00fcr\u00fct\u00fclmesi Talep &hellip; <\/p>\n","protected":false},"author":1,"featured_media":0,"parent":0,"menu_order":0,"comment_status":"closed","ping_status":"closed","template":"","meta":{"footnotes":""},"class_list":["post-563","page","type-page","status-publish","hentry"],"_links":{"self":[{"href":"https:\/\/yunvi.chat\/blog\/wp-json\/wp\/v2\/pages\/563","targetHints":{"allow":["GET"]}}],"collection":[{"href":"https:\/\/yunvi.chat\/blog\/wp-json\/wp\/v2\/pages"}],"about":[{"href":"https:\/\/yunvi.chat\/blog\/wp-json\/wp\/v2\/types\/page"}],"author":[{"embeddable":true,"href":"https:\/\/yunvi.chat\/blog\/wp-json\/wp\/v2\/users\/1"}],"replies":[{"embeddable":true,"href":"https:\/\/yunvi.chat\/blog\/wp-json\/wp\/v2\/comments?post=563"}],"version-history":[{"count":1,"href":"https:\/\/yunvi.chat\/blog\/wp-json\/wp\/v2\/pages\/563\/revisions"}],"predecessor-version":[{"id":564,"href":"https:\/\/yunvi.chat\/blog\/wp-json\/wp\/v2\/pages\/563\/revisions\/564"}],"wp:attachment":[{"href":"https:\/\/yunvi.chat\/blog\/wp-json\/wp\/v2\/media?parent=563"}],"curies":[{"name":"wp","href":"https:\/\/api.w.org\/{rel}","templated":true}]}}