{"id":355,"date":"2026-01-31T21:19:05","date_gmt":"2026-01-31T18:19:05","guid":{"rendered":"https:\/\/yunvi.chat\/blog\/pt-pt\/?page_id=355"},"modified":"2026-01-31T21:19:05","modified_gmt":"2026-01-31T18:19:05","slug":"carreiras","status":"publish","type":"page","link":"https:\/\/yunvi.chat\/blog\/pt-pt\/carreiras\/","title":{"rendered":"Carreiras"},"content":{"rendered":"<p>O Yunvi Talk encontra-se em crescimento e procura profissionais talentosos.<\/p>\n<h3>Posi\u00e7\u00f5es Abertas<\/h3>\n<ul data-spread=\"false\">\n<li>Moderador(a) de Conte\u00fados (Remoto)<\/li>\n<li>Especialista em Suporte ao Utilizador<\/li>\n<li>Gestor(a) de Comunidade Digital<\/li>\n<\/ul>\n<p>Para candidaturas, envie o seu CV para: <a><strong>ik@yunvi.chat<\/strong><\/a><\/p>\n","protected":false},"excerpt":{"rendered":"<p>O Yunvi Talk encontra-se em crescimento e procura profissionais talentosos. Posi\u00e7\u00f5es Abertas Moderador(a) de Conte\u00fados (Remoto) Especialista em Suporte ao Utilizador Gestor(a) de Comunidade Digital Para candidaturas, envie o seu CV para: ik@yunvi.chat<\/p>\n","protected":false},"author":1,"featured_media":0,"parent":0,"menu_order":0,"comment_status":"closed","ping_status":"closed","template":"","meta":{"footnotes":""},"class_list":["post-355","page","type-page","status-publish","hentry"],"_links":{"self":[{"href":"https:\/\/yunvi.chat\/blog\/pt-pt\/wp-json\/wp\/v2\/pages\/355","targetHints":{"allow":["GET"]}}],"collection":[{"href":"https:\/\/yunvi.chat\/blog\/pt-pt\/wp-json\/wp\/v2\/pages"}],"about":[{"href":"https:\/\/yunvi.chat\/blog\/pt-pt\/wp-json\/wp\/v2\/types\/page"}],"author":[{"embeddable":true,"href":"https:\/\/yunvi.chat\/blog\/pt-pt\/wp-json\/wp\/v2\/users\/1"}],"replies":[{"embeddable":true,"href":"https:\/\/yunvi.chat\/blog\/pt-pt\/wp-json\/wp\/v2\/comments?post=355"}],"version-history":[{"count":1,"href":"https:\/\/yunvi.chat\/blog\/pt-pt\/wp-json\/wp\/v2\/pages\/355\/revisions"}],"predecessor-version":[{"id":356,"href":"https:\/\/yunvi.chat\/blog\/pt-pt\/wp-json\/wp\/v2\/pages\/355\/revisions\/356"}],"wp:attachment":[{"href":"https:\/\/yunvi.chat\/blog\/pt-pt\/wp-json\/wp\/v2\/media?parent=355"}],"curies":[{"name":"wp","href":"https:\/\/api.w.org\/{rel}","templated":true}]}}