{"id":353,"date":"2026-01-31T21:17:52","date_gmt":"2026-01-31T18:17:52","guid":{"rendered":"https:\/\/yunvi.chat\/blog\/pt-pt\/?page_id=353"},"modified":"2026-01-31T21:17:52","modified_gmt":"2026-01-31T18:17:52","slug":"contactos-oficiais","status":"publish","type":"page","link":"https:\/\/yunvi.chat\/blog\/pt-pt\/contactos-oficiais\/","title":{"rendered":"Contactos Oficiais"},"content":{"rendered":"<p>Para quaisquer quest\u00f5es relacionadas com o servi\u00e7o, privacidade, prote\u00e7\u00e3o de dados ou comunica\u00e7\u00f5es institucionais, o utilizador pode contactar-nos atrav\u00e9s dos seguintes meios:<\/p>\n<p><strong>Endere\u00e7o:<\/strong> St James Tower, 7 Charlotte St, Manchester M1 4DZ, Reino Unido<br \/>\n<strong>E-mail geral:<\/strong> <a>admin@yunvi.chat<\/a><br \/>\n<strong>Telefone:<\/strong> +44 7592 252519<\/p>\n","protected":false},"excerpt":{"rendered":"<p>Para quaisquer quest\u00f5es relacionadas com o servi\u00e7o, privacidade, prote\u00e7\u00e3o de dados ou comunica\u00e7\u00f5es institucionais, o utilizador pode contactar-nos atrav\u00e9s dos seguintes meios: Endere\u00e7o: St James Tower, 7 Charlotte St, Manchester M1 4DZ, Reino Unido E-mail geral: admin@yunvi.chat Telefone: +44 7592 252519<\/p>\n","protected":false},"author":1,"featured_media":0,"parent":0,"menu_order":0,"comment_status":"closed","ping_status":"closed","template":"","meta":{"footnotes":""},"class_list":["post-353","page","type-page","status-publish","hentry"],"_links":{"self":[{"href":"https:\/\/yunvi.chat\/blog\/pt-pt\/wp-json\/wp\/v2\/pages\/353","targetHints":{"allow":["GET"]}}],"collection":[{"href":"https:\/\/yunvi.chat\/blog\/pt-pt\/wp-json\/wp\/v2\/pages"}],"about":[{"href":"https:\/\/yunvi.chat\/blog\/pt-pt\/wp-json\/wp\/v2\/types\/page"}],"author":[{"embeddable":true,"href":"https:\/\/yunvi.chat\/blog\/pt-pt\/wp-json\/wp\/v2\/users\/1"}],"replies":[{"embeddable":true,"href":"https:\/\/yunvi.chat\/blog\/pt-pt\/wp-json\/wp\/v2\/comments?post=353"}],"version-history":[{"count":1,"href":"https:\/\/yunvi.chat\/blog\/pt-pt\/wp-json\/wp\/v2\/pages\/353\/revisions"}],"predecessor-version":[{"id":354,"href":"https:\/\/yunvi.chat\/blog\/pt-pt\/wp-json\/wp\/v2\/pages\/353\/revisions\/354"}],"wp:attachment":[{"href":"https:\/\/yunvi.chat\/blog\/pt-pt\/wp-json\/wp\/v2\/media?parent=353"}],"curies":[{"name":"wp","href":"https:\/\/api.w.org\/{rel}","templated":true}]}}