{"id":343,"date":"2026-01-31T21:11:36","date_gmt":"2026-01-31T18:11:36","guid":{"rendered":"https:\/\/yunvi.chat\/blog\/pt-pt\/?page_id=343"},"modified":"2026-01-31T21:11:36","modified_gmt":"2026-01-31T18:11:36","slug":"politica-de-cookies","status":"publish","type":"page","link":"https:\/\/yunvi.chat\/blog\/pt-pt\/politica-de-cookies\/","title":{"rendered":"Pol\u00edtica de Cookies"},"content":{"rendered":"<p>Utilizamos cookies para garantir o correcto funcionamento do site, melhorar a experi\u00eancia do utilizador e apresentar publicidade relevante.<\/p>\n<h3>Tipos de Cookies<\/h3>\n<ul data-spread=\"false\">\n<li><strong>Cookies essenciais:<\/strong> necess\u00e1rios para o funcionamento do servi\u00e7o<\/li>\n<li><strong>Cookies anal\u00edticos:<\/strong> para an\u00e1lise estat\u00edstica an\u00f3nima<\/li>\n<li><strong>Cookies publicit\u00e1rios:<\/strong> para apresenta\u00e7\u00e3o de an\u00fancios personalizados<\/li>\n<\/ul>\n<p>O utilizador pode gerir ou desactivar os cookies atrav\u00e9s das defini\u00e7\u00f5es do seu navegador, em conformidade com a legisla\u00e7\u00e3o portuguesa e europeia.<\/p>\n","protected":false},"excerpt":{"rendered":"<p>Utilizamos cookies para garantir o correcto funcionamento do site, melhorar a experi\u00eancia do utilizador e apresentar publicidade relevante. Tipos de Cookies Cookies essenciais: necess\u00e1rios para o funcionamento do servi\u00e7o Cookies anal\u00edticos: para an\u00e1lise estat\u00edstica an\u00f3nima Cookies publicit\u00e1rios: para apresenta\u00e7\u00e3o de an\u00fancios personalizados O utilizador pode gerir ou desactivar os cookies atrav\u00e9s das defini\u00e7\u00f5es do seu &hellip; <\/p>\n","protected":false},"author":1,"featured_media":0,"parent":0,"menu_order":0,"comment_status":"closed","ping_status":"closed","template":"","meta":{"footnotes":""},"class_list":["post-343","page","type-page","status-publish","hentry"],"_links":{"self":[{"href":"https:\/\/yunvi.chat\/blog\/pt-pt\/wp-json\/wp\/v2\/pages\/343","targetHints":{"allow":["GET"]}}],"collection":[{"href":"https:\/\/yunvi.chat\/blog\/pt-pt\/wp-json\/wp\/v2\/pages"}],"about":[{"href":"https:\/\/yunvi.chat\/blog\/pt-pt\/wp-json\/wp\/v2\/types\/page"}],"author":[{"embeddable":true,"href":"https:\/\/yunvi.chat\/blog\/pt-pt\/wp-json\/wp\/v2\/users\/1"}],"replies":[{"embeddable":true,"href":"https:\/\/yunvi.chat\/blog\/pt-pt\/wp-json\/wp\/v2\/comments?post=343"}],"version-history":[{"count":2,"href":"https:\/\/yunvi.chat\/blog\/pt-pt\/wp-json\/wp\/v2\/pages\/343\/revisions"}],"predecessor-version":[{"id":345,"href":"https:\/\/yunvi.chat\/blog\/pt-pt\/wp-json\/wp\/v2\/pages\/343\/revisions\/345"}],"wp:attachment":[{"href":"https:\/\/yunvi.chat\/blog\/pt-pt\/wp-json\/wp\/v2\/media?parent=343"}],"curies":[{"name":"wp","href":"https:\/\/api.w.org\/{rel}","templated":true}]}}