{"id":337,"date":"2026-01-31T21:10:18","date_gmt":"2026-01-31T18:10:18","guid":{"rendered":"https:\/\/yunvi.chat\/blog\/pt-pt\/?page_id=337"},"modified":"2026-01-31T21:10:18","modified_gmt":"2026-01-31T18:10:18","slug":"sobre-nos","status":"publish","type":"page","link":"https:\/\/yunvi.chat\/blog\/pt-pt\/sobre-nos\/","title":{"rendered":"Sobre N\u00f3s"},"content":{"rendered":"<p>O <strong>Yunvi Talk<\/strong> \u00e9 uma plataforma digital de comunica\u00e7\u00e3o que permite conversas por v\u00eddeo e voz entre utilizadores de diferentes partes do mundo. O sistema pode ser utilizado <strong>gratuitamente<\/strong>, atrav\u00e9s da visualiza\u00e7\u00e3o de an\u00fancios. A aquisi\u00e7\u00e3o de cr\u00e9ditos \u00e9 <strong>opcional<\/strong> e n\u00e3o \u00e9 obrigat\u00f3ria para aceder \u00e0s funcionalidades principais.<\/p>\n<p><strong>Website:<\/strong> <a>https:\/\/yunvi.chat<\/a><br \/>\n<strong>Endere\u00e7o:<\/strong> St James Tower, 7 Charlotte St, Manchester M1 4DZ, Reino Unido<\/p>\n<p><a href=\"https:\/\/yunvi.talk\" target=\"_blank\" rel=\"noopener\">https:\/\/yunvi.talk<\/a><\/p>\n","protected":false},"excerpt":{"rendered":"<p>O Yunvi Talk \u00e9 uma plataforma digital de comunica\u00e7\u00e3o que permite conversas por v\u00eddeo e voz entre utilizadores de diferentes partes do mundo. O sistema pode ser utilizado gratuitamente, atrav\u00e9s da visualiza\u00e7\u00e3o de an\u00fancios. A aquisi\u00e7\u00e3o de cr\u00e9ditos \u00e9 opcional e n\u00e3o \u00e9 obrigat\u00f3ria para aceder \u00e0s funcionalidades principais. Website: https:\/\/yunvi.chat Endere\u00e7o: St James Tower, &hellip; <\/p>\n","protected":false},"author":1,"featured_media":0,"parent":0,"menu_order":0,"comment_status":"closed","ping_status":"closed","template":"","meta":{"footnotes":""},"class_list":["post-337","page","type-page","status-publish","hentry"],"_links":{"self":[{"href":"https:\/\/yunvi.chat\/blog\/pt-pt\/wp-json\/wp\/v2\/pages\/337","targetHints":{"allow":["GET"]}}],"collection":[{"href":"https:\/\/yunvi.chat\/blog\/pt-pt\/wp-json\/wp\/v2\/pages"}],"about":[{"href":"https:\/\/yunvi.chat\/blog\/pt-pt\/wp-json\/wp\/v2\/types\/page"}],"author":[{"embeddable":true,"href":"https:\/\/yunvi.chat\/blog\/pt-pt\/wp-json\/wp\/v2\/users\/1"}],"replies":[{"embeddable":true,"href":"https:\/\/yunvi.chat\/blog\/pt-pt\/wp-json\/wp\/v2\/comments?post=337"}],"version-history":[{"count":2,"href":"https:\/\/yunvi.chat\/blog\/pt-pt\/wp-json\/wp\/v2\/pages\/337\/revisions"}],"predecessor-version":[{"id":340,"href":"https:\/\/yunvi.chat\/blog\/pt-pt\/wp-json\/wp\/v2\/pages\/337\/revisions\/340"}],"wp:attachment":[{"href":"https:\/\/yunvi.chat\/blog\/pt-pt\/wp-json\/wp\/v2\/media?parent=337"}],"curies":[{"name":"wp","href":"https:\/\/api.w.org\/{rel}","templated":true}]}}