{"id":285,"date":"2026-01-31T19:04:46","date_gmt":"2026-01-31T16:04:46","guid":{"rendered":"https:\/\/yunvi.chat\/blog\/es\/?page_id=285"},"modified":"2026-01-31T19:04:46","modified_gmt":"2026-01-31T16:04:46","slug":"contacto","status":"publish","type":"page","link":"https:\/\/yunvi.chat\/blog\/es\/contacto\/","title":{"rendered":"Contacto"},"content":{"rendered":"<p>Para cualquier consulta:<\/p>\n<ul data-spread=\"false\">\n<li><strong>Direcci\u00f3n:<\/strong> St James Tower, 7 Charlotte St, Manchester M1 4DZ, United Kingdom<\/li>\n<li><strong>Tel\u00e9fono:<\/strong> +44 7592 252519<\/li>\n<li><strong>Correo electr\u00f3nico:<\/strong> <a>admin@yunvi.chat<\/a><\/li>\n<\/ul>\n","protected":false},"excerpt":{"rendered":"<p>Para cualquier consulta: Direcci\u00f3n: St James Tower, 7 Charlotte St, Manchester M1 4DZ, United Kingdom Tel\u00e9fono: +44 7592 252519 Correo electr\u00f3nico: admin@yunvi.chat<\/p>\n","protected":false},"author":1,"featured_media":0,"parent":0,"menu_order":0,"comment_status":"closed","ping_status":"closed","template":"","meta":{"rank_math_focus_keyword":"","rank_math_description":"","footnotes":""},"class_list":["post-285","page","type-page","status-publish","hentry"],"_links":{"self":[{"href":"https:\/\/yunvi.chat\/blog\/es\/wp-json\/wp\/v2\/pages\/285","targetHints":{"allow":["GET"]}}],"collection":[{"href":"https:\/\/yunvi.chat\/blog\/es\/wp-json\/wp\/v2\/pages"}],"about":[{"href":"https:\/\/yunvi.chat\/blog\/es\/wp-json\/wp\/v2\/types\/page"}],"author":[{"embeddable":true,"href":"https:\/\/yunvi.chat\/blog\/es\/wp-json\/wp\/v2\/users\/1"}],"replies":[{"embeddable":true,"href":"https:\/\/yunvi.chat\/blog\/es\/wp-json\/wp\/v2\/comments?post=285"}],"version-history":[{"count":1,"href":"https:\/\/yunvi.chat\/blog\/es\/wp-json\/wp\/v2\/pages\/285\/revisions"}],"predecessor-version":[{"id":286,"href":"https:\/\/yunvi.chat\/blog\/es\/wp-json\/wp\/v2\/pages\/285\/revisions\/286"}],"wp:attachment":[{"href":"https:\/\/yunvi.chat\/blog\/es\/wp-json\/wp\/v2\/media?parent=285"}],"curies":[{"name":"wp","href":"https:\/\/api.w.org\/{rel}","templated":true}]}}