{"id":282,"date":"2026-01-31T19:04:21","date_gmt":"2026-01-31T16:04:21","guid":{"rendered":"https:\/\/yunvi.chat\/blog\/es\/?page_id=282"},"modified":"2026-01-31T19:04:21","modified_gmt":"2026-01-31T16:04:21","slug":"aviso-y-gdpr","status":"publish","type":"page","link":"https:\/\/yunvi.chat\/blog\/es\/aviso-y-gdpr\/","title":{"rendered":"Aviso y GDPR"},"content":{"rendered":"<p>Tratamos los datos personales de conformidad con el <strong>GDPR (Reglamento General de Protecci\u00f3n de Datos)<\/strong> y, cuando corresponda, con la <strong>Ley de Protecci\u00f3n de Datos Personales (KVKK)<\/strong>.<\/p>\n<p>Los usuarios tienen derecho a:<\/p>\n<ul data-spread=\"false\">\n<li>Acceder a sus datos<\/li>\n<li>Solicitar correcci\u00f3n o eliminaci\u00f3n<\/li>\n<li>Limitar u oponerse al tratamiento<\/li>\n<\/ul>\n<p>Las solicitudes pueden enviarse a: <a>admin@yunvi.chat<\/a><\/p>\n","protected":false},"excerpt":{"rendered":"<p>Tratamos los datos personales de conformidad con el GDPR (Reglamento General de Protecci\u00f3n de Datos) y, cuando corresponda, con la Ley de Protecci\u00f3n de Datos Personales (KVKK). Los usuarios tienen derecho a: Acceder a sus datos Solicitar correcci\u00f3n o eliminaci\u00f3n Limitar u oponerse al tratamiento Las solicitudes pueden enviarse a: admin@yunvi.chat<\/p>\n","protected":false},"author":1,"featured_media":0,"parent":0,"menu_order":0,"comment_status":"closed","ping_status":"closed","template":"","meta":{"rank_math_focus_keyword":"","rank_math_description":"","footnotes":""},"class_list":["post-282","page","type-page","status-publish","hentry"],"_links":{"self":[{"href":"https:\/\/yunvi.chat\/blog\/es\/wp-json\/wp\/v2\/pages\/282","targetHints":{"allow":["GET"]}}],"collection":[{"href":"https:\/\/yunvi.chat\/blog\/es\/wp-json\/wp\/v2\/pages"}],"about":[{"href":"https:\/\/yunvi.chat\/blog\/es\/wp-json\/wp\/v2\/types\/page"}],"author":[{"embeddable":true,"href":"https:\/\/yunvi.chat\/blog\/es\/wp-json\/wp\/v2\/users\/1"}],"replies":[{"embeddable":true,"href":"https:\/\/yunvi.chat\/blog\/es\/wp-json\/wp\/v2\/comments?post=282"}],"version-history":[{"count":2,"href":"https:\/\/yunvi.chat\/blog\/es\/wp-json\/wp\/v2\/pages\/282\/revisions"}],"predecessor-version":[{"id":284,"href":"https:\/\/yunvi.chat\/blog\/es\/wp-json\/wp\/v2\/pages\/282\/revisions\/284"}],"wp:attachment":[{"href":"https:\/\/yunvi.chat\/blog\/es\/wp-json\/wp\/v2\/media?parent=282"}],"curies":[{"name":"wp","href":"https:\/\/api.w.org\/{rel}","templated":true}]}}