{"id":278,"date":"2026-01-31T19:02:22","date_gmt":"2026-01-31T16:02:22","guid":{"rendered":"https:\/\/yunvi.chat\/blog\/es\/?page_id=278"},"modified":"2026-01-31T19:02:22","modified_gmt":"2026-01-31T16:02:22","slug":"politica-de-cookies","status":"publish","type":"page","link":"https:\/\/yunvi.chat\/blog\/es\/politica-de-cookies\/","title":{"rendered":"Pol\u00edtica de Cookies"},"content":{"rendered":"<h2>1. \u00bfQu\u00e9 son las cookies?<\/h2>\n<p>Las cookies son peque\u00f1os archivos de texto que se almacenan en su dispositivo cuando visita un sitio web o utiliza una aplicaci\u00f3n.<\/p>\n<h2>2. Tipos de cookies que utilizamos<\/h2>\n<ul data-spread=\"false\">\n<li><strong>Cookies esenciales:<\/strong> necesarias para el funcionamiento del sitio<\/li>\n<li><strong>Cookies funcionales:<\/strong> recuerdan preferencias del usuario<\/li>\n<li><strong>Cookies anal\u00edticas:<\/strong> nos ayudan a entender c\u00f3mo se utiliza la plataforma<\/li>\n<li><strong>Cookies publicitarias:<\/strong> permiten mostrar anuncios relevantes<\/li>\n<\/ul>\n<h2>3. Cookies de terceros<\/h2>\n<p>Podemos utilizar cookies de terceros (por ejemplo, proveedores de publicidad y an\u00e1lisis) de acuerdo con las leyes aplicables.<\/p>\n<h2>4. Gesti\u00f3n de cookies<\/h2>\n<p>El usuario puede controlar o desactivar las cookies desde la configuraci\u00f3n de su navegador o dispositivo.<\/p>\n","protected":false},"excerpt":{"rendered":"<p>1. \u00bfQu\u00e9 son las cookies? Las cookies son peque\u00f1os archivos de texto que se almacenan en su dispositivo cuando visita un sitio web o utiliza una aplicaci\u00f3n. 2. Tipos de cookies que utilizamos Cookies esenciales: necesarias para el funcionamiento del sitio Cookies funcionales: recuerdan preferencias del usuario Cookies anal\u00edticas: nos ayudan a entender c\u00f3mo se &hellip; <\/p>\n","protected":false},"author":1,"featured_media":0,"parent":0,"menu_order":0,"comment_status":"closed","ping_status":"closed","template":"","meta":{"rank_math_focus_keyword":"","rank_math_description":"","footnotes":""},"class_list":["post-278","page","type-page","status-publish","hentry"],"_links":{"self":[{"href":"https:\/\/yunvi.chat\/blog\/es\/wp-json\/wp\/v2\/pages\/278","targetHints":{"allow":["GET"]}}],"collection":[{"href":"https:\/\/yunvi.chat\/blog\/es\/wp-json\/wp\/v2\/pages"}],"about":[{"href":"https:\/\/yunvi.chat\/blog\/es\/wp-json\/wp\/v2\/types\/page"}],"author":[{"embeddable":true,"href":"https:\/\/yunvi.chat\/blog\/es\/wp-json\/wp\/v2\/users\/1"}],"replies":[{"embeddable":true,"href":"https:\/\/yunvi.chat\/blog\/es\/wp-json\/wp\/v2\/comments?post=278"}],"version-history":[{"count":1,"href":"https:\/\/yunvi.chat\/blog\/es\/wp-json\/wp\/v2\/pages\/278\/revisions"}],"predecessor-version":[{"id":279,"href":"https:\/\/yunvi.chat\/blog\/es\/wp-json\/wp\/v2\/pages\/278\/revisions\/279"}],"wp:attachment":[{"href":"https:\/\/yunvi.chat\/blog\/es\/wp-json\/wp\/v2\/media?parent=278"}],"curies":[{"name":"wp","href":"https:\/\/api.w.org\/{rel}","templated":true}]}}