{"id":272,"date":"2026-01-31T19:01:07","date_gmt":"2026-01-31T16:01:07","guid":{"rendered":"https:\/\/yunvi.chat\/blog\/es\/?page_id=272"},"modified":"2026-01-31T19:01:07","modified_gmt":"2026-01-31T16:01:07","slug":"sobre-nosotros","status":"publish","type":"page","link":"https:\/\/yunvi.chat\/blog\/es\/sobre-nosotros\/","title":{"rendered":"Sobre Nosotros"},"content":{"rendered":"<p><strong>Yunvi Talk<\/strong> es una plataforma digital de comunicaci\u00f3n social que permite a los usuarios conectarse mediante <strong>chat de texto, chat de voz y videollamadas<\/strong>. Nuestro objetivo es ofrecer un entorno accesible, seguro y f\u00e1cil de usar para que personas de todo el mundo puedan comunicarse y conocerse en l\u00ednea.<\/p>\n<p>Yunvi Talk puede utilizarse <strong>de forma completamente gratuita<\/strong>, principalmente a trav\u00e9s de la visualizaci\u00f3n de anuncios. La compra de cr\u00e9ditos es <strong>totalmente opcional<\/strong> y no es obligatoria para acceder a las funciones principales de la plataforma.<\/p>\n<p><strong>Nombre del servicio:<\/strong> Yunvi Talk<br \/>\n<strong>Sitio web:<\/strong> <a>https:\/\/yunvi.chat<\/a><br \/>\n<strong>Direcci\u00f3n:<\/strong> St James Tower, 7 Charlotte St, Manchester M1 4DZ, United Kingdom<br \/>\n<strong>Tel\u00e9fono:<\/strong> +44 7592 252519<br \/>\n<strong>Correo electr\u00f3nico:<\/strong> <a>admin@yunvi.chat<\/a><\/p>\n<p><a href=\"https:\/\/yunv.talk\" target=\"_blank\" rel=\"noopener\">https:\/\/yunv.talk<\/a><\/p>\n","protected":false},"excerpt":{"rendered":"<p>Yunvi Talk es una plataforma digital de comunicaci\u00f3n social que permite a los usuarios conectarse mediante chat de texto, chat de voz y videollamadas. Nuestro objetivo es ofrecer un entorno accesible, seguro y f\u00e1cil de usar para que personas de todo el mundo puedan comunicarse y conocerse en l\u00ednea. Yunvi Talk puede utilizarse de forma &hellip; <\/p>\n","protected":false},"author":1,"featured_media":0,"parent":0,"menu_order":0,"comment_status":"closed","ping_status":"closed","template":"","meta":{"rank_math_focus_keyword":"","rank_math_description":"","footnotes":""},"class_list":["post-272","page","type-page","status-publish","hentry"],"_links":{"self":[{"href":"https:\/\/yunvi.chat\/blog\/es\/wp-json\/wp\/v2\/pages\/272","targetHints":{"allow":["GET"]}}],"collection":[{"href":"https:\/\/yunvi.chat\/blog\/es\/wp-json\/wp\/v2\/pages"}],"about":[{"href":"https:\/\/yunvi.chat\/blog\/es\/wp-json\/wp\/v2\/types\/page"}],"author":[{"embeddable":true,"href":"https:\/\/yunvi.chat\/blog\/es\/wp-json\/wp\/v2\/users\/1"}],"replies":[{"embeddable":true,"href":"https:\/\/yunvi.chat\/blog\/es\/wp-json\/wp\/v2\/comments?post=272"}],"version-history":[{"count":2,"href":"https:\/\/yunvi.chat\/blog\/es\/wp-json\/wp\/v2\/pages\/272\/revisions"}],"predecessor-version":[{"id":275,"href":"https:\/\/yunvi.chat\/blog\/es\/wp-json\/wp\/v2\/pages\/272\/revisions\/275"}],"wp:attachment":[{"href":"https:\/\/yunvi.chat\/blog\/es\/wp-json\/wp\/v2\/media?parent=272"}],"curies":[{"name":"wp","href":"https:\/\/api.w.org\/{rel}","templated":true}]}}